{"id":90,"date":"2024-04-24T11:44:13","date_gmt":"2024-04-24T09:44:13","guid":{"rendered":"https:\/\/lesfranchiseslesplusrentables.com\/?page_id=90"},"modified":"2024-04-24T11:50:23","modified_gmt":"2024-04-24T09:50:23","slug":"espace-franchiseurs","status":"publish","type":"page","link":"https:\/\/lesfranchiseslesplusrentables.com\/index.php\/espace-franchiseurs\/","title":{"rendered":"Espace Franchiseurs"},"content":{"rendered":"<p>[et_pb_section fb_built=\u00a0\u00bb1&Prime; admin_label=\u00a0\u00bbBlog\u00a0\u00bb _builder_version=\u00a0\u00bb4.20.0&Prime; _module_preset=\u00a0\u00bbdefault\u00a0\u00bb collapsed=\u00a0\u00bbon\u00a0\u00bb global_colors_info=\u00a0\u00bb{}\u00a0\u00bb][et_pb_row _builder_version=\u00a0\u00bb4.20.0&Prime; _module_preset=\u00a0\u00bbdefault\u00a0\u00bb global_colors_info=\u00a0\u00bb{}\u00a0\u00bb][et_pb_column type=\u00a0\u00bb4_4&Prime; _builder_version=\u00a0\u00bb4.20.0&Prime; _module_preset=\u00a0\u00bbdefault\u00a0\u00bb global_colors_info=\u00a0\u00bb{}\u00a0\u00bb][et_pb_text _builder_version=\u00a0\u00bb4.25.0&Prime; _module_preset=\u00a0\u00bb6dc8dc97-4618-4169-8998-6507e60ac2ff\u00a0\u00bb global_colors_info=\u00a0\u00bb{}\u00a0\u00bb]<\/p>\n<h1>Espace Franchiseurs<\/h1>\n<p>[\/et_pb_text][\/et_pb_column][\/et_pb_row][et_pb_row _builder_version=\u00a0\u00bb4.25.0&Prime; _module_preset=\u00a0\u00bbdefault\u00a0\u00bb custom_padding=\u00a0\u00bb40px||70px||false|\u00a0\u00bb global_colors_info=\u00a0\u00bb{}\u00a0\u00bb][et_pb_column type=\u00a0\u00bb4_4&Prime; _builder_version=\u00a0\u00bb4.25.0&Prime; _module_preset=\u00a0\u00bbdefault\u00a0\u00bb global_colors_info=\u00a0\u00bb{}\u00a0\u00bb][et_pb_text _builder_version=\u00a0\u00bb4.25.0&Prime; _module_preset=\u00a0\u00bbdefault\u00a0\u00bb text_font=\u00a0\u00bbAbhaya Libre||||||||\u00a0\u00bb text_text_color=\u00a0\u00bb#000000&Prime; text_font_size=\u00a0\u00bb22px\u00a0\u00bb text_letter_spacing=\u00a0\u00bb1px\u00a0\u00bb custom_margin=\u00a0\u00bb70px||70px||true|false\u00a0\u00bb global_colors_info=\u00a0\u00bb{}\u00a0\u00bb]<\/p>\n<p>Les franchiseurs ?<\/p>\n<p>Ce sont les bilans de leurs franchis\u00e9s qui en parlent le mieux.<\/p>\n<p>[\/et_pb_text][et_pb_text _builder_version=\u00a0\u00bb4.25.0&Prime; _module_preset=\u00a0\u00bbdefault\u00a0\u00bb text_font=\u00a0\u00bbAbhaya Libre||||||||\u00a0\u00bb text_text_color=\u00a0\u00bb#000000&Prime; text_font_size=\u00a0\u00bb20px\u00a0\u00bb text_letter_spacing=\u00a0\u00bb1px\u00a0\u00bb custom_margin=\u00a0\u00bb70px||70px||true|false\u00a0\u00bb hover_enabled=\u00a0\u00bb0&Prime; global_colors_info=\u00a0\u00bb{}\u00a0\u00bb sticky_enabled=\u00a0\u00bb0&Prime;]<\/p>\n<p>Vous \u00eates franchiseurs et fiers des bilans de vos franchis\u00e9s ?<\/p>\n<p>Vous pensez avoir votre place dans les 50 meilleures franchises ?<\/p>\n<p>[\/et_pb_text][et_pb_text _builder_version=\u00a0\u00bb4.25.0&Prime; _module_preset=\u00a0\u00bbdefault\u00a0\u00bb text_font=\u00a0\u00bbAbhaya Libre||||||||\u00a0\u00bb text_text_color=\u00a0\u00bb#0C71C3&Prime; text_font_size=\u00a0\u00bb20px\u00a0\u00bb text_letter_spacing=\u00a0\u00bb1px\u00a0\u00bb global_colors_info=\u00a0\u00bb{}\u00a0\u00bb]<\/p>\n<p>Contactez moi : christian.mainial@club-internet.fr<\/p>\n<p>[\/et_pb_text][\/et_pb_column][\/et_pb_row][\/et_pb_section]<\/p>\n","protected":false},"excerpt":{"rendered":"<p>Espace FranchiseursLes franchiseurs ? Ce sont les bilans de leurs franchis\u00e9s qui en parlent le mieux.Vous \u00eates franchiseurs et fiers des bilans de vos franchis\u00e9s ? Vous pensez avoir votre place dans les 50 meilleures franchises ?Contactez moi : christian.mainial@club-internet.fr<\/p>\n","protected":false},"author":2,"featured_media":0,"parent":0,"menu_order":0,"comment_status":"closed","ping_status":"closed","template":"","meta":{"_et_pb_use_builder":"on","_et_pb_old_content":"","_et_gb_content_width":"","footnotes":""},"class_list":["post-90","page","type-page","status-publish","hentry"],"yoast_head":"<!-- This site is optimized with the Yoast SEO plugin v27.3 - https:\/\/yoast.com\/product\/yoast-seo-wordpress\/ -->\n<title>Espace Franchiseurs - Les Franchises les plus rentables<\/title>\n<meta name=\"robots\" content=\"index, follow, max-snippet:-1, max-image-preview:large, max-video-preview:-1\" \/>\n<link rel=\"canonical\" href=\"https:\/\/lesfranchiseslesplusrentables.com\/index.php\/espace-franchiseurs\/\" \/>\n<meta property=\"og:locale\" content=\"fr_FR\" \/>\n<meta property=\"og:type\" content=\"article\" \/>\n<meta property=\"og:title\" content=\"Espace Franchiseurs - Les Franchises les plus rentables\" \/>\n<meta property=\"og:description\" content=\"Espace FranchiseursLes franchiseurs ? Ce sont les bilans de leurs franchis\u00e9s qui en parlent le mieux.Vous \u00eates franchiseurs et fiers des bilans de vos franchis\u00e9s ? Vous pensez avoir votre place dans les 50 meilleures franchises ?Contactez moi : christian.mainial@club-internet.fr\" \/>\n<meta property=\"og:url\" content=\"https:\/\/lesfranchiseslesplusrentables.com\/index.php\/espace-franchiseurs\/\" \/>\n<meta property=\"og:site_name\" content=\"Les Franchises les plus rentables\" \/>\n<meta property=\"article:modified_time\" content=\"2024-04-24T09:50:23+00:00\" \/>\n<meta name=\"twitter:card\" content=\"summary_large_image\" \/>\n<meta name=\"twitter:label1\" content=\"Dur\u00e9e de lecture estim\u00e9e\" \/>\n\t<meta name=\"twitter:data1\" content=\"1 minute\" \/>\n<script type=\"application\/ld+json\" class=\"yoast-schema-graph\">{\"@context\":\"https:\\\/\\\/schema.org\",\"@graph\":[{\"@type\":\"WebPage\",\"@id\":\"https:\\\/\\\/lesfranchiseslesplusrentables.com\\\/index.php\\\/espace-franchiseurs\\\/\",\"url\":\"https:\\\/\\\/lesfranchiseslesplusrentables.com\\\/index.php\\\/espace-franchiseurs\\\/\",\"name\":\"Espace Franchiseurs - Les Franchises les plus rentables\",\"isPartOf\":{\"@id\":\"https:\\\/\\\/lesfranchiseslesplusrentables.com\\\/#website\"},\"datePublished\":\"2024-04-24T09:44:13+00:00\",\"dateModified\":\"2024-04-24T09:50:23+00:00\",\"breadcrumb\":{\"@id\":\"https:\\\/\\\/lesfranchiseslesplusrentables.com\\\/index.php\\\/espace-franchiseurs\\\/#breadcrumb\"},\"inLanguage\":\"fr-FR\",\"potentialAction\":[{\"@type\":\"ReadAction\",\"target\":[\"https:\\\/\\\/lesfranchiseslesplusrentables.com\\\/index.php\\\/espace-franchiseurs\\\/\"]}]},{\"@type\":\"BreadcrumbList\",\"@id\":\"https:\\\/\\\/lesfranchiseslesplusrentables.com\\\/index.php\\\/espace-franchiseurs\\\/#breadcrumb\",\"itemListElement\":[{\"@type\":\"ListItem\",\"position\":1,\"name\":\"Accueil\",\"item\":\"https:\\\/\\\/lesfranchiseslesplusrentables.com\\\/\"},{\"@type\":\"ListItem\",\"position\":2,\"name\":\"Espace Franchiseurs\"}]},{\"@type\":\"WebSite\",\"@id\":\"https:\\\/\\\/lesfranchiseslesplusrentables.com\\\/#website\",\"url\":\"https:\\\/\\\/lesfranchiseslesplusrentables.com\\\/\",\"name\":\"Les Franchises les plus rentables\",\"description\":\"Un site utilisant WordPress\",\"potentialAction\":[{\"@type\":\"SearchAction\",\"target\":{\"@type\":\"EntryPoint\",\"urlTemplate\":\"https:\\\/\\\/lesfranchiseslesplusrentables.com\\\/?s={search_term_string}\"},\"query-input\":{\"@type\":\"PropertyValueSpecification\",\"valueRequired\":true,\"valueName\":\"search_term_string\"}}],\"inLanguage\":\"fr-FR\"}]}<\/script>\n<!-- \/ Yoast SEO plugin. -->","yoast_head_json":{"title":"Espace Franchiseurs - Les Franchises les plus rentables","robots":{"index":"index","follow":"follow","max-snippet":"max-snippet:-1","max-image-preview":"max-image-preview:large","max-video-preview":"max-video-preview:-1"},"canonical":"https:\/\/lesfranchiseslesplusrentables.com\/index.php\/espace-franchiseurs\/","og_locale":"fr_FR","og_type":"article","og_title":"Espace Franchiseurs - Les Franchises les plus rentables","og_description":"Espace FranchiseursLes franchiseurs ? Ce sont les bilans de leurs franchis\u00e9s qui en parlent le mieux.Vous \u00eates franchiseurs et fiers des bilans de vos franchis\u00e9s ? Vous pensez avoir votre place dans les 50 meilleures franchises ?Contactez moi : christian.mainial@club-internet.fr","og_url":"https:\/\/lesfranchiseslesplusrentables.com\/index.php\/espace-franchiseurs\/","og_site_name":"Les Franchises les plus rentables","article_modified_time":"2024-04-24T09:50:23+00:00","twitter_card":"summary_large_image","twitter_misc":{"Dur\u00e9e de lecture estim\u00e9e":"1 minute"},"schema":{"@context":"https:\/\/schema.org","@graph":[{"@type":"WebPage","@id":"https:\/\/lesfranchiseslesplusrentables.com\/index.php\/espace-franchiseurs\/","url":"https:\/\/lesfranchiseslesplusrentables.com\/index.php\/espace-franchiseurs\/","name":"Espace Franchiseurs - Les Franchises les plus rentables","isPartOf":{"@id":"https:\/\/lesfranchiseslesplusrentables.com\/#website"},"datePublished":"2024-04-24T09:44:13+00:00","dateModified":"2024-04-24T09:50:23+00:00","breadcrumb":{"@id":"https:\/\/lesfranchiseslesplusrentables.com\/index.php\/espace-franchiseurs\/#breadcrumb"},"inLanguage":"fr-FR","potentialAction":[{"@type":"ReadAction","target":["https:\/\/lesfranchiseslesplusrentables.com\/index.php\/espace-franchiseurs\/"]}]},{"@type":"BreadcrumbList","@id":"https:\/\/lesfranchiseslesplusrentables.com\/index.php\/espace-franchiseurs\/#breadcrumb","itemListElement":[{"@type":"ListItem","position":1,"name":"Accueil","item":"https:\/\/lesfranchiseslesplusrentables.com\/"},{"@type":"ListItem","position":2,"name":"Espace Franchiseurs"}]},{"@type":"WebSite","@id":"https:\/\/lesfranchiseslesplusrentables.com\/#website","url":"https:\/\/lesfranchiseslesplusrentables.com\/","name":"Les Franchises les plus rentables","description":"Un site utilisant WordPress","potentialAction":[{"@type":"SearchAction","target":{"@type":"EntryPoint","urlTemplate":"https:\/\/lesfranchiseslesplusrentables.com\/?s={search_term_string}"},"query-input":{"@type":"PropertyValueSpecification","valueRequired":true,"valueName":"search_term_string"}}],"inLanguage":"fr-FR"}]}},"_links":{"self":[{"href":"https:\/\/lesfranchiseslesplusrentables.com\/index.php\/wp-json\/wp\/v2\/pages\/90","targetHints":{"allow":["GET"]}}],"collection":[{"href":"https:\/\/lesfranchiseslesplusrentables.com\/index.php\/wp-json\/wp\/v2\/pages"}],"about":[{"href":"https:\/\/lesfranchiseslesplusrentables.com\/index.php\/wp-json\/wp\/v2\/types\/page"}],"author":[{"embeddable":true,"href":"https:\/\/lesfranchiseslesplusrentables.com\/index.php\/wp-json\/wp\/v2\/users\/2"}],"replies":[{"embeddable":true,"href":"https:\/\/lesfranchiseslesplusrentables.com\/index.php\/wp-json\/wp\/v2\/comments?post=90"}],"version-history":[{"count":10,"href":"https:\/\/lesfranchiseslesplusrentables.com\/index.php\/wp-json\/wp\/v2\/pages\/90\/revisions"}],"predecessor-version":[{"id":103,"href":"https:\/\/lesfranchiseslesplusrentables.com\/index.php\/wp-json\/wp\/v2\/pages\/90\/revisions\/103"}],"wp:attachment":[{"href":"https:\/\/lesfranchiseslesplusrentables.com\/index.php\/wp-json\/wp\/v2\/media?parent=90"}],"curies":[{"name":"wp","href":"https:\/\/api.w.org\/{rel}","templated":true}]}}