{"id":3,"date":"2024-02-19T18:29:29","date_gmt":"2024-02-19T17:29:29","guid":{"rendered":"http:\/\/lesfranchiseslesplusrentables.com\/?page_id=3"},"modified":"2024-02-29T08:55:48","modified_gmt":"2024-02-29T07:55:48","slug":"politique-de-confidentialite","status":"publish","type":"page","link":"https:\/\/lesfranchiseslesplusrentables.com\/index.php\/politique-de-confidentialite\/","title":{"rendered":"Politique de confidentialit\u00e9"},"content":{"rendered":"\n<h2 class=\"wp-block-heading\">Qui sommes-nous&nbsp;?<\/h2>\n\n\n\n<p>L\u2019adresse de notre site est\u00a0: <a href=\"https:\/\/www.lesfranchiseslesplusrentables.com\" data-type=\"link\" data-id=\"https:\/\/www.lesfranchiseslesplusrentables.com\" target=\"_blank\" rel=\"noreferrer noopener\">https:\/\/www.lesfranchisesplusrentables.com<\/a>.<\/p>\n\n\n\n<p><a href=\"https:\/\/www.editions-publicavox.fr\/\" target=\"_blank\" rel=\"noreferrer noopener\">Editions Publicavox<\/a> \u2013 10000 Troyes \u2013 Sarl au capital de 10.000 euros \u2013&nbsp;RCS Troyes 789 485 315<\/p>\n\n\n\n<p>Le site <a href=\"https:\/\/lesfranchiseslesplusrentables.com\/\" data-type=\"link\" data-id=\"https:\/\/lesfranchiseslesplusrentables.com\/\" target=\"_blank\" rel=\"noreferrer noopener\">lesfranchiseslesplusrentables.com<\/a> est h\u00e9berg\u00e9 par : OVH SAS \u2013 2 rue Kellermann \u2013 59100 Roubaix \u2013 France.<\/p>\n\n\n\n<h2 class=\"wp-block-heading\">Respect du droit d\u2019auteur et\u00a0droits de reproduction<\/h2>\n\n\n\n<p>Ce site respecte le droit d\u2019auteur. Tous les droits des auteurs des oeuvres prot\u00e9g\u00e9es reproduites et communiqu\u00e9es sur ce site, sont r\u00e9serv\u00e9s. Sauf autorisation, toute utilisation des oeuvres autres que la reproduction et la consultation individuelles et priv\u00e9es sont interdites. Toute reproduction, rediffusion ou commercialisation totale ou partielle du contenu est interdite.<\/p>\n\n\n\n<p>Le site lesinstitutsdebeautelesplusrentables.com est prot\u00e9g\u00e9 par la l\u00e9gislation en vigueur sur les droits de propri\u00e9t\u00e9 intellectuelle et les conventions internationales applicables. Toute reproduction non autoris\u00e9e est passible de poursuite pour contrefa\u00e7on.<\/p>\n\n\n\n<p>La soci\u00e9t\u00e9 Editions Publicavox consent \u00e0 l\u2019utilisateur le droit de reproduire tout ou partie du contenu du site pour stockage aux fins de repr\u00e9sentation sur \u00e9cran monoposte et de reproduction, en un exemplaire, pour copie de sauvegarde ou tirage sur papier. Ce droit est consenti dans le cadre d\u2019un usage strictement personnel, priv\u00e9 et non collectif, toute mise en r\u00e9seau, toute rediffusion ou commercialisation totale ou partielle de ce contenu, aupr\u00e8s des tiers, sous quelque forme que ce soit, \u00e9tant strictement interdite.<\/p>\n\n\n\n<p>Nonobstant les droits de reproduction et de stockage tels que strictement d\u00e9finis ci-dessus, et sauf autorisation pr\u00e9alable et expresse de la soci\u00e9t\u00e9 <a href=\"https:\/\/www.editions-publicavox.fr\/\" target=\"_blank\" rel=\"noreferrer noopener\">Editions Publicavox<\/a>, l\u2019internaute s\u2019interdit de reproduire et\/ou d\u2019utiliser les marques et logos pr\u00e9sents sur le site lesinstitutsdebeautelesplusrentables.com, ainsi que de modifier, copier, traduire, reproduire, vendre, publier, exploiter et diffuser dans un format num\u00e9rique ou autre, tout ou partie des informations, textes, photos, images, vid\u00e9os et donn\u00e9es pr\u00e9sentes sur ce site. La violation de ces dispositions imp\u00e9ratives soumet le contrevenant, et toutes personnes responsables, aux peines p\u00e9nales et civiles pr\u00e9vues par la loi.<\/p>\n\n\n\n<h2 class=\"wp-block-heading\">Commentaires<\/h2>\n\n\n\n<p>Quand vous laissez un commentaire sur notre site, les donn\u00e9es inscrites dans le formulaire de commentaire, ainsi que votre adresse IP et l\u2019agent utilisateur de votre navigateur sont collect\u00e9s pour nous aider \u00e0 la d\u00e9tection des commentaires ind\u00e9sirables.<\/p>\n\n\n\n<p>Une cha\u00eene anonymis\u00e9e cr\u00e9\u00e9e \u00e0 partir de votre adresse e-mail (\u00e9galement appel\u00e9e hash) peut \u00eatre envoy\u00e9e au service Gravatar pour v\u00e9rifier si vous utilisez ce dernier. Les clauses de confidentialit\u00e9 du service Gravatar sont disponibles ici&nbsp;: <a href=\"https:\/\/automattic.com\/privacy\/\" target=\"_blank\" rel=\"noreferrer noopener\">https:\/\/automattic.com\/privacy\/<\/a>. Apr\u00e8s validation de votre commentaire, votre photo de profil sera visible publiquement \u00e0 cot\u00e9 de votre commentaire.<\/p>\n\n\n\n<h2 class=\"wp-block-heading\">M\u00e9dias<\/h2>\n\n\n\n<p>Si vous t\u00e9l\u00e9versez des images sur le site, nous vous conseillons d\u2019\u00e9viter de t\u00e9l\u00e9verser des images contenant des donn\u00e9es EXIF de coordonn\u00e9es GPS. Les personnes visitant votre site peuvent t\u00e9l\u00e9charger et extraire des donn\u00e9es de localisation depuis ces images.<\/p>\n\n\n\n<h2 class=\"wp-block-heading\">Cookies<\/h2>\n\n\n\n<p>Si vous d\u00e9posez un commentaire sur notre site, il vous sera propos\u00e9 d\u2019enregistrer votre nom, adresse e-mail et site dans des cookies. C\u2019est uniquement pour votre confort afin de ne pas avoir \u00e0 saisir ces informations si vous d\u00e9posez un autre commentaire plus tard. Ces cookies expirent au bout d\u2019un an.<\/p>\n\n\n\n<p>Si vous vous rendez sur la page de connexion, un cookie temporaire sera cr\u00e9\u00e9 afin de d\u00e9terminer si votre navigateur accepte les cookies. Il ne contient pas de donn\u00e9es personnelles et sera supprim\u00e9 automatiquement \u00e0 la fermeture de votre navigateur.<\/p>\n\n\n\n<p>Lorsque vous vous connecterez, nous mettrons en place un certain nombre de cookies pour enregistrer vos informations de connexion et vos pr\u00e9f\u00e9rences d\u2019\u00e9cran. La dur\u00e9e de vie d\u2019un cookie de connexion est de deux jours, celle d\u2019un cookie d\u2019option d\u2019\u00e9cran est d\u2019un an. Si vous cochez \u00ab&nbsp;Se souvenir de moi&nbsp;\u00bb, votre cookie de connexion sera conserv\u00e9 pendant deux semaines. Si vous vous d\u00e9connectez de votre compte, le cookie de connexion sera effac\u00e9.<\/p>\n\n\n\n<p>En modifiant ou en publiant une publication, un cookie suppl\u00e9mentaire sera enregistr\u00e9 dans votre navigateur. Ce cookie ne comprend aucune donn\u00e9e personnelle. Il indique simplement l\u2019ID de la publication que vous venez de modifier. Il expire au bout d\u2019un jour.<\/p>\n\n\n\n<h2 class=\"wp-block-heading\">Contenu embarqu\u00e9 depuis d\u2019autres sites<\/h2>\n\n\n\n<p>Les articles de ce site peuvent inclure des contenus int\u00e9gr\u00e9s (par exemple des vid\u00e9os, images, articles\u2026). Le contenu int\u00e9gr\u00e9 depuis d\u2019autres sites se comporte de la m\u00eame mani\u00e8re que si le visiteur se rendait sur cet autre site.<\/p>\n\n\n\n<p>Ces sites web pourraient collecter des donn\u00e9es sur vous, utiliser des cookies, embarquer des outils de suivis tiers, suivre vos interactions avec ces contenus embarqu\u00e9s si vous disposez d\u2019un compte connect\u00e9 sur leur site web.<\/p>\n\n\n\n<h2 class=\"wp-block-heading\">Utilisation et transmission de vos donn\u00e9es personnelles<\/h2>\n\n\n\n<p>Si vous demandez une r\u00e9initialisation de votre mot de passe, votre adresse IP sera incluse dans l\u2019e-mail de r\u00e9initialisation.<\/p>\n\n\n\n<h2 class=\"wp-block-heading\">Dur\u00e9es de stockage de vos donn\u00e9es<\/h2>\n\n\n\n<p>Si vous laissez un commentaire, le commentaire et ses m\u00e9tadonn\u00e9es sont conserv\u00e9s ind\u00e9finiment. Cela permet de reconna\u00eetre et approuver automatiquement les commentaires suivants au lieu de les laisser dans la file de mod\u00e9ration.<\/p>\n\n\n\n<p>Pour les comptes qui s\u2019inscrivent sur notre site (le cas \u00e9ch\u00e9ant), nous stockons \u00e9galement les donn\u00e9es personnelles indiqu\u00e9es dans leur profil. Tous les comptes peuvent voir, modifier ou supprimer leurs informations personnelles \u00e0 tout moment (\u00e0 l\u2019exception de leur identifiant). Les gestionnaires du site peuvent aussi voir et modifier ces informations.<\/p>\n\n\n\n<h2 class=\"wp-block-heading\">Les droits que vous avez sur vos donn\u00e9es<\/h2>\n\n\n\n<p>Si vous avez un compte ou si vous avez laiss\u00e9 des commentaires sur le site, vous pouvez demander \u00e0 recevoir un fichier contenant toutes les donn\u00e9es personnelles que nous poss\u00e9dons \u00e0 votre sujet, incluant celles que vous nous avez fournies. Vous pouvez \u00e9galement demander la suppression des donn\u00e9es personnelles vous concernant. Cela ne prend pas en compte les donn\u00e9es stock\u00e9es \u00e0 des fins administratives, l\u00e9gales ou pour des raisons de s\u00e9curit\u00e9.<\/p>\n\n\n\n<h2 class=\"wp-block-heading\">Transmission de vos donn\u00e9es personnelles<\/h2>\n\n\n\n<p>Les commentaires des visiteurs peuvent \u00eatre v\u00e9rifi\u00e9s \u00e0 l\u2019aide d\u2019un service automatis\u00e9 de d\u00e9tection des commentaires ind\u00e9sirables.<\/p>\n\n\n\n<p><\/p>\n","protected":false},"excerpt":{"rendered":"<p>Qui sommes-nous&nbsp;? L\u2019adresse de notre site est\u00a0: https:\/\/www.lesfranchisesplusrentables.com. Editions Publicavox \u2013 10000 Troyes \u2013 Sarl au capital de 10.000 euros \u2013&nbsp;RCS Troyes 789 485 315 Le site lesfranchiseslesplusrentables.com est h\u00e9berg\u00e9 par : OVH SAS \u2013 2 rue Kellermann \u2013 59100 Roubaix \u2013 France. Respect du droit d\u2019auteur et\u00a0droits de reproduction Ce site respecte le droit [&hellip;]<\/p>\n","protected":false},"author":1,"featured_media":0,"parent":0,"menu_order":0,"comment_status":"closed","ping_status":"open","template":"","meta":{"_et_pb_use_builder":"","_et_pb_old_content":"","_et_gb_content_width":"","footnotes":""},"class_list":["post-3","page","type-page","status-publish","hentry"],"yoast_head":"<!-- This site is optimized with the Yoast SEO plugin v27.3 - https:\/\/yoast.com\/product\/yoast-seo-wordpress\/ -->\n<title>Politique de confidentialit\u00e9 - Les Franchises les plus rentables<\/title>\n<meta name=\"robots\" content=\"index, follow, max-snippet:-1, max-image-preview:large, max-video-preview:-1\" \/>\n<link rel=\"canonical\" href=\"https:\/\/lesfranchiseslesplusrentables.com\/index.php\/politique-de-confidentialite\/\" \/>\n<meta property=\"og:locale\" content=\"fr_FR\" \/>\n<meta property=\"og:type\" content=\"article\" \/>\n<meta property=\"og:title\" content=\"Politique de confidentialit\u00e9 - Les Franchises les plus rentables\" \/>\n<meta property=\"og:description\" content=\"Qui sommes-nous&nbsp;? L\u2019adresse de notre site est\u00a0: https:\/\/www.lesfranchisesplusrentables.com. Editions Publicavox \u2013 10000 Troyes \u2013 Sarl au capital de 10.000 euros \u2013&nbsp;RCS Troyes 789 485 315 Le site lesfranchiseslesplusrentables.com est h\u00e9berg\u00e9 par : OVH SAS \u2013 2 rue Kellermann \u2013 59100 Roubaix \u2013 France. Respect du droit d\u2019auteur et\u00a0droits de reproduction Ce site respecte le droit [&hellip;]\" \/>\n<meta property=\"og:url\" content=\"https:\/\/lesfranchiseslesplusrentables.com\/index.php\/politique-de-confidentialite\/\" \/>\n<meta property=\"og:site_name\" content=\"Les Franchises les plus rentables\" \/>\n<meta property=\"article:modified_time\" content=\"2024-02-29T07:55:48+00:00\" \/>\n<meta name=\"twitter:card\" content=\"summary_large_image\" \/>\n<meta name=\"twitter:label1\" content=\"Dur\u00e9e de lecture estim\u00e9e\" \/>\n\t<meta name=\"twitter:data1\" content=\"5 minutes\" \/>\n<script type=\"application\/ld+json\" class=\"yoast-schema-graph\">{\"@context\":\"https:\\\/\\\/schema.org\",\"@graph\":[{\"@type\":\"WebPage\",\"@id\":\"https:\\\/\\\/lesfranchiseslesplusrentables.com\\\/index.php\\\/politique-de-confidentialite\\\/\",\"url\":\"https:\\\/\\\/lesfranchiseslesplusrentables.com\\\/index.php\\\/politique-de-confidentialite\\\/\",\"name\":\"Politique de confidentialit\u00e9 - Les Franchises les plus rentables\",\"isPartOf\":{\"@id\":\"https:\\\/\\\/lesfranchiseslesplusrentables.com\\\/#website\"},\"datePublished\":\"2024-02-19T17:29:29+00:00\",\"dateModified\":\"2024-02-29T07:55:48+00:00\",\"breadcrumb\":{\"@id\":\"https:\\\/\\\/lesfranchiseslesplusrentables.com\\\/index.php\\\/politique-de-confidentialite\\\/#breadcrumb\"},\"inLanguage\":\"fr-FR\",\"potentialAction\":[{\"@type\":\"ReadAction\",\"target\":[\"https:\\\/\\\/lesfranchiseslesplusrentables.com\\\/index.php\\\/politique-de-confidentialite\\\/\"]}]},{\"@type\":\"BreadcrumbList\",\"@id\":\"https:\\\/\\\/lesfranchiseslesplusrentables.com\\\/index.php\\\/politique-de-confidentialite\\\/#breadcrumb\",\"itemListElement\":[{\"@type\":\"ListItem\",\"position\":1,\"name\":\"Accueil\",\"item\":\"https:\\\/\\\/lesfranchiseslesplusrentables.com\\\/\"},{\"@type\":\"ListItem\",\"position\":2,\"name\":\"Politique de confidentialit\u00e9\"}]},{\"@type\":\"WebSite\",\"@id\":\"https:\\\/\\\/lesfranchiseslesplusrentables.com\\\/#website\",\"url\":\"https:\\\/\\\/lesfranchiseslesplusrentables.com\\\/\",\"name\":\"Les Franchises les plus rentables\",\"description\":\"Un site utilisant WordPress\",\"potentialAction\":[{\"@type\":\"SearchAction\",\"target\":{\"@type\":\"EntryPoint\",\"urlTemplate\":\"https:\\\/\\\/lesfranchiseslesplusrentables.com\\\/?s={search_term_string}\"},\"query-input\":{\"@type\":\"PropertyValueSpecification\",\"valueRequired\":true,\"valueName\":\"search_term_string\"}}],\"inLanguage\":\"fr-FR\"}]}<\/script>\n<!-- \/ Yoast SEO plugin. -->","yoast_head_json":{"title":"Politique de confidentialit\u00e9 - Les Franchises les plus rentables","robots":{"index":"index","follow":"follow","max-snippet":"max-snippet:-1","max-image-preview":"max-image-preview:large","max-video-preview":"max-video-preview:-1"},"canonical":"https:\/\/lesfranchiseslesplusrentables.com\/index.php\/politique-de-confidentialite\/","og_locale":"fr_FR","og_type":"article","og_title":"Politique de confidentialit\u00e9 - Les Franchises les plus rentables","og_description":"Qui sommes-nous&nbsp;? L\u2019adresse de notre site est\u00a0: https:\/\/www.lesfranchisesplusrentables.com. Editions Publicavox \u2013 10000 Troyes \u2013 Sarl au capital de 10.000 euros \u2013&nbsp;RCS Troyes 789 485 315 Le site lesfranchiseslesplusrentables.com est h\u00e9berg\u00e9 par : OVH SAS \u2013 2 rue Kellermann \u2013 59100 Roubaix \u2013 France. Respect du droit d\u2019auteur et\u00a0droits de reproduction Ce site respecte le droit [&hellip;]","og_url":"https:\/\/lesfranchiseslesplusrentables.com\/index.php\/politique-de-confidentialite\/","og_site_name":"Les Franchises les plus rentables","article_modified_time":"2024-02-29T07:55:48+00:00","twitter_card":"summary_large_image","twitter_misc":{"Dur\u00e9e de lecture estim\u00e9e":"5 minutes"},"schema":{"@context":"https:\/\/schema.org","@graph":[{"@type":"WebPage","@id":"https:\/\/lesfranchiseslesplusrentables.com\/index.php\/politique-de-confidentialite\/","url":"https:\/\/lesfranchiseslesplusrentables.com\/index.php\/politique-de-confidentialite\/","name":"Politique de confidentialit\u00e9 - Les Franchises les plus rentables","isPartOf":{"@id":"https:\/\/lesfranchiseslesplusrentables.com\/#website"},"datePublished":"2024-02-19T17:29:29+00:00","dateModified":"2024-02-29T07:55:48+00:00","breadcrumb":{"@id":"https:\/\/lesfranchiseslesplusrentables.com\/index.php\/politique-de-confidentialite\/#breadcrumb"},"inLanguage":"fr-FR","potentialAction":[{"@type":"ReadAction","target":["https:\/\/lesfranchiseslesplusrentables.com\/index.php\/politique-de-confidentialite\/"]}]},{"@type":"BreadcrumbList","@id":"https:\/\/lesfranchiseslesplusrentables.com\/index.php\/politique-de-confidentialite\/#breadcrumb","itemListElement":[{"@type":"ListItem","position":1,"name":"Accueil","item":"https:\/\/lesfranchiseslesplusrentables.com\/"},{"@type":"ListItem","position":2,"name":"Politique de confidentialit\u00e9"}]},{"@type":"WebSite","@id":"https:\/\/lesfranchiseslesplusrentables.com\/#website","url":"https:\/\/lesfranchiseslesplusrentables.com\/","name":"Les Franchises les plus rentables","description":"Un site utilisant WordPress","potentialAction":[{"@type":"SearchAction","target":{"@type":"EntryPoint","urlTemplate":"https:\/\/lesfranchiseslesplusrentables.com\/?s={search_term_string}"},"query-input":{"@type":"PropertyValueSpecification","valueRequired":true,"valueName":"search_term_string"}}],"inLanguage":"fr-FR"}]}},"_links":{"self":[{"href":"https:\/\/lesfranchiseslesplusrentables.com\/index.php\/wp-json\/wp\/v2\/pages\/3","targetHints":{"allow":["GET"]}}],"collection":[{"href":"https:\/\/lesfranchiseslesplusrentables.com\/index.php\/wp-json\/wp\/v2\/pages"}],"about":[{"href":"https:\/\/lesfranchiseslesplusrentables.com\/index.php\/wp-json\/wp\/v2\/types\/page"}],"author":[{"embeddable":true,"href":"https:\/\/lesfranchiseslesplusrentables.com\/index.php\/wp-json\/wp\/v2\/users\/1"}],"replies":[{"embeddable":true,"href":"https:\/\/lesfranchiseslesplusrentables.com\/index.php\/wp-json\/wp\/v2\/comments?post=3"}],"version-history":[{"count":1,"href":"https:\/\/lesfranchiseslesplusrentables.com\/index.php\/wp-json\/wp\/v2\/pages\/3\/revisions"}],"predecessor-version":[{"id":15,"href":"https:\/\/lesfranchiseslesplusrentables.com\/index.php\/wp-json\/wp\/v2\/pages\/3\/revisions\/15"}],"wp:attachment":[{"href":"https:\/\/lesfranchiseslesplusrentables.com\/index.php\/wp-json\/wp\/v2\/media?parent=3"}],"curies":[{"name":"wp","href":"https:\/\/api.w.org\/{rel}","templated":true}]}}